{"id":9,"date":"2015-03-05T11:28:08","date_gmt":"2015-03-05T11:28:08","guid":{"rendered":"http:\/\/localhost\/aabrothers\/?page_id=9"},"modified":"2024-03-28T17:17:35","modified_gmt":"2024-03-28T17:17:35","slug":"home","status":"publish","type":"page","link":"https:\/\/www.grupoofaval.com\/es\/","title":{"rendered":"Empresa"},"content":{"rendered":"<p><div tabindex=\"0\" class=\"cycloneslider cycloneslider-template-dark cycloneslider-width-responsive\" id=\"cycloneslider-slider_home-1\" style=\"max-width:980px\" > <div class=\"cycloneslider-slides cycle-slideshow\" data-cycle-allow-wrap=\"true\" data-cycle-dynamic-height=\"off\" data-cycle-auto-height=\"980:400\" data-cycle-auto-height-easing=\"null\" data-cycle-auto-height-speed=\"250\" data-cycle-delay=\"0\" data-cycle-easing=\"\" data-cycle-fx=\"fade\" data-cycle-hide-non-active=\"true\" data-cycle-log=\"false\" data-cycle-next=\"#cycloneslider-slider_home-1 .cycloneslider-next\" data-cycle-pager=\"#cycloneslider-slider_home-1 .cycloneslider-pager\" data-cycle-pause-on-hover=\"true\" data-cycle-prev=\"#cycloneslider-slider_home-1 .cycloneslider-prev\" data-cycle-slides=\"&gt; div\" data-cycle-speed=\"1600\" data-cycle-swipe=\"1\" data-cycle-tile-count=\"7\" data-cycle-tile-delay=\"100\" data-cycle-tile-vertical=\"true\" data-cycle-timeout=\"3500\" > <div class=\"cycloneslider-slide cycloneslider-slide-image\" > <img decoding=\"async\" src=\"https:\/\/www.grupoofaval.com\/wp-content\/uploads\/2015\/03\/HABITACION-VESTIDOR-PPAL-grupoofaval.jpg\" alt=\"\" title=\"\" \/> <\/div> <div class=\"cycloneslider-slide cycloneslider-slide-image\" > <img decoding=\"async\" src=\"https:\/\/www.grupoofaval.com\/wp-content\/uploads\/2015\/03\/banner-toilets-grupoofaval2.jpg\" alt=\"\" title=\"\" \/> <\/div> <div class=\"cycloneslider-slide cycloneslider-slide-image\" > <img decoding=\"async\" src=\"https:\/\/www.grupoofaval.com\/wp-content\/uploads\/2015\/03\/banner_1.jpg\" alt=\"\" title=\"\" \/> <\/div> <div class=\"cycloneslider-slide cycloneslider-slide-image\" > <img decoding=\"async\" src=\"https:\/\/www.grupoofaval.com\/wp-content\/uploads\/2015\/03\/banner-grupoofaval-inmobiliaria-entrada-masia.jpg\" alt=\"\" title=\"\" \/> <\/div> <div class=\"cycloneslider-slide cycloneslider-slide-image\" > <img decoding=\"async\" src=\"https:\/\/www.grupoofaval.com\/wp-content\/uploads\/2015\/03\/porcho-grupoofaval.jpg\" alt=\"\" title=\"\" \/> <\/div> <\/div> <a href=\"#\" class=\"cycloneslider-prev\"> <span class=\"arrow\"><\/span> <\/a> <a href=\"#\" class=\"cycloneslider-next\"> <span class=\"arrow\"><\/span> <\/a> <\/div><\/p>\n<table style=\"width: 100%;\">\n<tbody>\n<tr>\n<td style=\"width: 30%; text-align: left; vertical-align: top;\"><a href=\"https:\/\/www.grupoofaval.com\/es\/ultimos-proyectos-y-obras-realizados\/\"><img loading=\"lazy\" decoding=\"async\" class=\" size-full wp-image-407 alignnone\" src=\"https:\/\/www.grupoofaval.com\/wp-content\/uploads\/2015\/03\/bt_projectes_esp.jpg\" alt=\"bt_projectes_esp\" width=\"210\" height=\"140\" data-id=\"407\" \/><\/a><\/td>\n<td style=\"text-align: left; vertical-align: top;\"><strong><br \/>\nGRUPO OFAVAL &#8211; Arquitectura Integral &#8211; Rehabilitaciones y Obras &#8211; Dise\u00f1amos Proyectamos y Construimos.<br \/>\n<\/strong><img loading=\"lazy\" decoding=\"async\" src=\"https:\/\/www.grupoofaval.com\/wp-content\/themes\/grupoofaval\/images\/cuadrat.gif\" alt=\"\" width=\"9\" height=\"9\" \/> <strong>Reformas, Rehabilitaci\u00f3n, Construcciones, Obra Nueva, Interiorismo, Direcci\u00f3n de obra<\/strong><br \/>\n<img loading=\"lazy\" decoding=\"async\" src=\"https:\/\/www.grupoofaval.com\/wp-content\/themes\/grupoofaval\/images\/cuadrat.gif\" alt=\"\" width=\"9\" height=\"9\" \/> D\u00edganos qu\u00e9 necesita.<br \/>\n<img loading=\"lazy\" decoding=\"async\" src=\"https:\/\/www.grupoofaval.com\/wp-content\/themes\/grupoofaval\/images\/cuadrat.gif\" alt=\"\" width=\"9\" height=\"9\" \/> Dise\u00f1amos espacios \u00fanicos y personalizados.Si tiene pensado reformar su casa, piso o apartamento, o la construcci\u00f3n de una nueva vivienda, conf\u00ede su proyecto a una empresa responsable. Dise\u00f1amos con usted lo m\u00e1s adecuado en cada caso.<br \/>\nLo m\u00e1s importante es crear espacios adaptados a sus necesidades, una buena elecci\u00f3n de materiales y mano de obra cualificada.<br \/>\nNuestros trabajos siempre son integrales, <a href=\"https:\/\/www.grupoofaval.com\/es\/contacto-alquiler-venta-costabrava\/\"><strong><em><u>llaves en mano<\/u><\/em><\/strong><\/a>, con seguimiento diario de nuestro personal hasta el \u00faltimo detalle.Departamento propio de:<br \/>\n<img loading=\"lazy\" decoding=\"async\" src=\"https:\/\/www.grupoofaval.com\/wp-content\/themes\/grupoofaval\/images\/cuadrat.gif\" alt=\"\" width=\"9\" height=\"9\" \/> Arquitectura (planos, licencias, c\u00e9dulas de habitabilidad\u2026)<br \/>\n<img loading=\"lazy\" decoding=\"async\" src=\"https:\/\/www.grupoofaval.com\/wp-content\/themes\/grupoofaval\/images\/cuadrat.gif\" alt=\"\" width=\"9\" height=\"9\" \/> Departamento de Interiorismo (Mobiliario cocina y ba\u00f1o)<br \/>\n<img loading=\"lazy\" decoding=\"async\" src=\"https:\/\/www.grupoofaval.com\/wp-content\/themes\/grupoofaval\/images\/cuadrat.gif\" alt=\"\" width=\"9\" height=\"9\" \/> Alta Decoraci\u00f3n (Mobiliario Interior y complementos)<\/td>\n<\/tr>\n<\/tbody>\n<\/table>\n<p>&nbsp;<\/p>","protected":false},"excerpt":{"rendered":"<p>GRUPO OFAVAL &#8211; Arquitectura Integral &#8211; Rehabilitaciones y Obras &#8211; Dise\u00f1amos Proyectamos y Construimos. Reformas, Rehabilitaci\u00f3n, Construcciones, Obra Nueva, Interiorismo, Direcci\u00f3n de obra D\u00edganos qu\u00e9 necesita. Dise\u00f1amos espacios \u00fanicos y personalizados.Si tiene pensado reformar su casa, piso o apartamento, o la construcci\u00f3n de una nueva vivienda, conf\u00ede su proyecto a una empresa responsable. Dise\u00f1amos con [&hellip;]<\/p>\n","protected":false},"author":2,"featured_media":0,"parent":0,"menu_order":2,"comment_status":"closed","ping_status":"closed","template":"","meta":{"_acf_changed":false,"footnotes":"","_links_to":"","_links_to_target":""},"acf":[],"_links":{"self":[{"href":"https:\/\/www.grupoofaval.com\/es\/wp-json\/wp\/v2\/pages\/9"}],"collection":[{"href":"https:\/\/www.grupoofaval.com\/es\/wp-json\/wp\/v2\/pages"}],"about":[{"href":"https:\/\/www.grupoofaval.com\/es\/wp-json\/wp\/v2\/types\/page"}],"author":[{"embeddable":true,"href":"https:\/\/www.grupoofaval.com\/es\/wp-json\/wp\/v2\/users\/2"}],"replies":[{"embeddable":true,"href":"https:\/\/www.grupoofaval.com\/es\/wp-json\/wp\/v2\/comments?post=9"}],"version-history":[{"count":56,"href":"https:\/\/www.grupoofaval.com\/es\/wp-json\/wp\/v2\/pages\/9\/revisions"}],"predecessor-version":[{"id":1126,"href":"https:\/\/www.grupoofaval.com\/es\/wp-json\/wp\/v2\/pages\/9\/revisions\/1126"}],"wp:attachment":[{"href":"https:\/\/www.grupoofaval.com\/es\/wp-json\/wp\/v2\/media?parent=9"}],"curies":[{"name":"wp","href":"https:\/\/api.w.org\/{rel}","templated":true}]}}