{"id":9,"date":"2015-03-05T11:28:08","date_gmt":"2015-03-05T11:28:08","guid":{"rendered":"http:\/\/localhost\/aabrothers\/?page_id=9"},"modified":"2024-03-28T17:17:35","modified_gmt":"2024-03-28T17:17:35","slug":"home","status":"publish","type":"page","link":"https:\/\/www.grupoofaval.com\/ca\/","title":{"rendered":"Empresa"},"content":{"rendered":"<p><div tabindex=\"0\" class=\"cycloneslider cycloneslider-template-dark cycloneslider-width-responsive\" id=\"cycloneslider-slider_home-2\" style=\"max-width:980px\" > <div class=\"cycloneslider-slides cycle-slideshow\" data-cycle-allow-wrap=\"true\" data-cycle-dynamic-height=\"off\" data-cycle-auto-height=\"980:400\" data-cycle-auto-height-easing=\"null\" data-cycle-auto-height-speed=\"250\" data-cycle-delay=\"0\" data-cycle-easing=\"\" data-cycle-fx=\"fade\" data-cycle-hide-non-active=\"true\" data-cycle-log=\"false\" data-cycle-next=\"#cycloneslider-slider_home-2 .cycloneslider-next\" data-cycle-pager=\"#cycloneslider-slider_home-2 .cycloneslider-pager\" data-cycle-pause-on-hover=\"true\" data-cycle-prev=\"#cycloneslider-slider_home-2 .cycloneslider-prev\" data-cycle-slides=\"&gt; div\" data-cycle-speed=\"1600\" data-cycle-swipe=\"1\" data-cycle-tile-count=\"7\" data-cycle-tile-delay=\"100\" data-cycle-tile-vertical=\"true\" data-cycle-timeout=\"3500\" > <div class=\"cycloneslider-slide cycloneslider-slide-image\" > <img decoding=\"async\" src=\"https:\/\/www.grupoofaval.com\/wp-content\/uploads\/2015\/03\/HABITACION-VESTIDOR-PPAL-grupoofaval.jpg\" alt=\"\" title=\"\" \/> <\/div> <div class=\"cycloneslider-slide cycloneslider-slide-image\" > <img decoding=\"async\" src=\"https:\/\/www.grupoofaval.com\/wp-content\/uploads\/2015\/03\/banner_1.jpg\" alt=\"\" title=\"\" \/> <\/div> <div class=\"cycloneslider-slide cycloneslider-slide-image\" > <img decoding=\"async\" src=\"https:\/\/www.grupoofaval.com\/wp-content\/uploads\/2015\/03\/banner-grupoofaval-inmobiliaria-entrada-masia.jpg\" alt=\"\" title=\"\" \/> <\/div> <div class=\"cycloneslider-slide cycloneslider-slide-image\" > <img decoding=\"async\" src=\"https:\/\/www.grupoofaval.com\/wp-content\/uploads\/2015\/03\/banner-toilets-grupoofaval2.jpg\" alt=\"\" title=\"\" \/> <\/div> <div class=\"cycloneslider-slide cycloneslider-slide-image\" > <img decoding=\"async\" src=\"https:\/\/www.grupoofaval.com\/wp-content\/uploads\/2015\/03\/porcho-grupoofaval.jpg\" alt=\"\" title=\"\" \/> <\/div> <\/div> <a href=\"#\" class=\"cycloneslider-prev\"> <span class=\"arrow\"><\/span> <\/a> <a href=\"#\" class=\"cycloneslider-next\"> <span class=\"arrow\"><\/span> <\/a> <\/div><\/p>\n<table style=\"width: 100%;\">\n<tbody>\n<tr>\n<td style=\"width: 30%; text-align: left; vertical-align: top;\"><a href=\"https:\/\/www.grupoofaval.com\/ca\/ultims-progectes-i-obres-realitzats\/\"><img loading=\"lazy\" decoding=\"async\" class=\"alignnone size-full wp-image-555\" src=\"https:\/\/www.grupoofaval.com\/wp-content\/uploads\/2015\/03\/bt_projectes_cat.jpg\" alt=\"bt_projectes_cat\" width=\"210\" height=\"140\" data-id=\"555\" \/><\/a><\/td>\n<td style=\"text-align: left; vertical-align: top;\"><strong>GRUPO OFAVAL\u00a0 &#8211; Arquitectura Integral &#8211; Rehabilitacions i Obres &#8211; Dissenyem Projectem i Constru\u00efm.<\/strong><\/p>\n<p>&nbsp;<\/p>\n<p><img loading=\"lazy\" decoding=\"async\" src=\"https:\/\/www.grupoofaval.com\/wp-content\/themes\/grupoofaval\/images\/cuadrat.gif\" alt=\"\" width=\"9\" height=\"9\" \/> <strong>Reformes, Rehabilitaci\u00f3, Construccions, Obra Nova, Interiorisme, Direcci\u00f3 d&#8217;obra.<br \/>\n<\/strong><img loading=\"lazy\" decoding=\"async\" src=\"https:\/\/www.grupoofaval.com\/wp-content\/themes\/grupoofaval\/images\/cuadrat.gif\" alt=\"\" width=\"9\" height=\"9\" \/>\u00a0Digui&#8217;ns qu\u00e8 necessita.<br \/>\n<img loading=\"lazy\" decoding=\"async\" src=\"https:\/\/www.grupoofaval.com\/wp-content\/themes\/grupoofaval\/images\/cuadrat.gif\" alt=\"\" width=\"9\" height=\"9\" \/>Dissenyem espais \u00fanics i personalitzats.<\/p>\n<p>Si t\u00e9 pensat reformar casa, pis o apartament, o la construcci\u00f3 d&#8217;un nou habitatge, confi\u00ef el seu projecte a una empresa responsable. Dissenyem amb vost\u00e8 el m\u00e9s adequat en cada cas.<br \/>\nEl m\u00e9s important \u00e9s crear espais adaptats a les seves necessitats, una bona elecci\u00f3 de materials i m\u00e0 d&#8217;obra qualificada.<br \/>\nEls nostres treballs sempre s\u00f3n integrals, <em><u><strong><a href=\"https:\/\/www.grupoofaval.com\/ca\/ultims-progectes-i-obres-realitzats\/\">claus en m\u00e0<\/a><\/strong><\/u><\/em><u><\/u>, amb seguiment diari del nostre personal fins a l&#8217;\u00faltim detall.<\/p>\n<p>Departament propi de:<br \/>\n<img loading=\"lazy\" decoding=\"async\" src=\"https:\/\/www.grupoofaval.com\/wp-content\/themes\/grupoofaval\/images\/cuadrat.gif\" alt=\"\" width=\"9\" height=\"9\" \/>Arquitectura (pl\u00e0nols, llic\u00e8ncies, c\u00e8dules d&#8217;habitabilitat &#8230;)<br \/>\n<img loading=\"lazy\" decoding=\"async\" src=\"https:\/\/www.grupoofaval.com\/wp-content\/themes\/grupoofaval\/images\/cuadrat.gif\" alt=\"\" width=\"9\" height=\"9\" \/>Departament d&#8217;Interiorisme (Mobiliari cuina i bany)<br \/>\n<img loading=\"lazy\" decoding=\"async\" src=\"https:\/\/www.grupoofaval.com\/wp-content\/themes\/grupoofaval\/images\/cuadrat.gif\" alt=\"\" width=\"9\" height=\"9\" \/>Alta Decoraci\u00f3 (Mobiliari Interior i complements)<\/td>\n<\/tr>\n<\/tbody>\n<\/table>\n<p>&nbsp;<\/p>","protected":false},"excerpt":{"rendered":"<p>GRUPO OFAVAL\u00a0 &#8211; Arquitectura Integral &#8211; Rehabilitacions i Obres &#8211; Dissenyem Projectem i Constru\u00efm. &nbsp; Reformes, Rehabilitaci\u00f3, Construccions, Obra Nova, Interiorisme, Direcci\u00f3 d&#8217;obra. \u00a0Digui&#8217;ns qu\u00e8 necessita. Dissenyem espais \u00fanics i personalitzats. Si t\u00e9 pensat reformar casa, pis o apartament, o la construcci\u00f3 d&#8217;un nou habitatge, confi\u00ef el seu projecte a una empresa responsable. Dissenyem amb [&hellip;]<\/p>\n","protected":false},"author":2,"featured_media":0,"parent":0,"menu_order":2,"comment_status":"closed","ping_status":"closed","template":"","meta":{"_acf_changed":false,"footnotes":"","_links_to":"","_links_to_target":""},"acf":[],"_links":{"self":[{"href":"https:\/\/www.grupoofaval.com\/ca\/wp-json\/wp\/v2\/pages\/9"}],"collection":[{"href":"https:\/\/www.grupoofaval.com\/ca\/wp-json\/wp\/v2\/pages"}],"about":[{"href":"https:\/\/www.grupoofaval.com\/ca\/wp-json\/wp\/v2\/types\/page"}],"author":[{"embeddable":true,"href":"https:\/\/www.grupoofaval.com\/ca\/wp-json\/wp\/v2\/users\/2"}],"replies":[{"embeddable":true,"href":"https:\/\/www.grupoofaval.com\/ca\/wp-json\/wp\/v2\/comments?post=9"}],"version-history":[{"count":56,"href":"https:\/\/www.grupoofaval.com\/ca\/wp-json\/wp\/v2\/pages\/9\/revisions"}],"predecessor-version":[{"id":1126,"href":"https:\/\/www.grupoofaval.com\/ca\/wp-json\/wp\/v2\/pages\/9\/revisions\/1126"}],"wp:attachment":[{"href":"https:\/\/www.grupoofaval.com\/ca\/wp-json\/wp\/v2\/media?parent=9"}],"curies":[{"name":"wp","href":"https:\/\/api.w.org\/{rel}","templated":true}]}}