{"id":412,"date":"2015-06-29T15:06:35","date_gmt":"2015-06-29T15:06:35","guid":{"rendered":"https:\/\/www.grupoofaval.com\/es\/?page_id=412"},"modified":"2024-03-28T17:15:03","modified_gmt":"2024-03-28T17:15:03","slug":"servicios","status":"publish","type":"page","link":"https:\/\/www.grupoofaval.com\/ca\/serveis\/","title":{"rendered":"Serveis"},"content":{"rendered":"<p><img loading=\"lazy\" decoding=\"async\" class=\"alignnone size-full wp-image-487\" src=\"https:\/\/www.grupoofaval.com\/wp-content\/uploads\/2015\/03\/fletxa.gif\" alt=\"fletxa\" width=\"9\" height=\"9\" data-id=\"487\" \/>\u00a0<strong>SERVEIS, cinc raons:<\/strong><\/p>\n<p><strong>1) Un Servei integral.<\/strong><br \/>\nLa tranquilitat de saber que una sola empresa respon per tots els professionals que intervenen en les teves obres.<\/p>\n<p><strong>2) Claus en M\u00e0.<\/strong><br \/>\nUn departament d&#8217;arquitectura, alta decoraci\u00f3 i interiorisme. Amb un sol professional, una satifacci\u00f3n plena.<\/p>\n<p><strong>3) Servei d&#8217;Interiorisme gratu\u00eft.<\/strong><br \/>\nEstudiem el teu cas i dissenyem un projecte a la teva mida.<\/p>\n<p><strong>4) Tracte personalitzat.<\/strong><br \/>\nRealitzem un seguiment diari del nostre equip t\u00e8cnic i professional en les teves obres.<\/p>\n<p><strong>5) Garantia de Qualitat.<\/strong><br \/>\nTots els nostres treballs tenen una garantia de 10 anys.<\/p>","protected":false},"excerpt":{"rendered":"<p>\u00a0SERVEIS, cinc raons: 1) Un Servei integral. La tranquilitat de saber que una sola empresa respon per tots els professionals que intervenen en les teves obres. 2) Claus en M\u00e0. Un departament d&#8217;arquitectura, alta decoraci\u00f3 i interiorisme. Amb un sol professional, una satifacci\u00f3n plena. 3) Servei d&#8217;Interiorisme gratu\u00eft. Estudiem el teu cas i dissenyem un [&hellip;]<\/p>\n","protected":false},"author":2,"featured_media":571,"parent":0,"menu_order":3,"comment_status":"closed","ping_status":"closed","template":"","meta":{"_acf_changed":false,"footnotes":"","_links_to":"","_links_to_target":""},"acf":[],"_links":{"self":[{"href":"https:\/\/www.grupoofaval.com\/ca\/wp-json\/wp\/v2\/pages\/412"}],"collection":[{"href":"https:\/\/www.grupoofaval.com\/ca\/wp-json\/wp\/v2\/pages"}],"about":[{"href":"https:\/\/www.grupoofaval.com\/ca\/wp-json\/wp\/v2\/types\/page"}],"author":[{"embeddable":true,"href":"https:\/\/www.grupoofaval.com\/ca\/wp-json\/wp\/v2\/users\/2"}],"replies":[{"embeddable":true,"href":"https:\/\/www.grupoofaval.com\/ca\/wp-json\/wp\/v2\/comments?post=412"}],"version-history":[{"count":4,"href":"https:\/\/www.grupoofaval.com\/ca\/wp-json\/wp\/v2\/pages\/412\/revisions"}],"predecessor-version":[{"id":560,"href":"https:\/\/www.grupoofaval.com\/ca\/wp-json\/wp\/v2\/pages\/412\/revisions\/560"}],"wp:featuredmedia":[{"embeddable":true,"href":"https:\/\/www.grupoofaval.com\/ca\/wp-json\/wp\/v2\/media\/571"}],"wp:attachment":[{"href":"https:\/\/www.grupoofaval.com\/ca\/wp-json\/wp\/v2\/media?parent=412"}],"curies":[{"name":"wp","href":"https:\/\/api.w.org\/{rel}","templated":true}]}}